{"id":93,"date":"2024-09-08T20:13:28","date_gmt":"2024-09-08T18:13:28","guid":{"rendered":"https:\/\/poyet-hautesavoie.com\/?page_id=93"},"modified":"2026-03-13T09:34:56","modified_gmt":"2026-03-13T08:34:56","slug":"la-methode-poyet","status":"publish","type":"page","link":"https:\/\/poyet-hautesavoie.com\/index.php\/la-methode-poyet\/","title":{"rendered":"La m\u00e9thode Poyet"},"content":{"rendered":"<p>[et_pb_section fb_built=&#8221;1&#8243; _builder_version=&#8221;4.27.0&#8243; _module_preset=&#8221;default&#8221; background_image=&#8221;http:\/\/poyet-hautesavoie.com\/wp-content\/uploads\/2024\/09\/DSCF1111-scaled.jpg&#8221; parallax=&#8221;on&#8221; background_blend=&#8221;hue&#8221; global_colors_info=&#8221;{}&#8221;][et_pb_row _builder_version=&#8221;4.27.0&#8243; _module_preset=&#8221;default&#8221; global_colors_info=&#8221;{}&#8221;][et_pb_column type=&#8221;4_4&#8243; _builder_version=&#8221;4.27.0&#8243; _module_preset=&#8221;default&#8221; global_colors_info=&#8221;{}&#8221;][et_pb_code _builder_version=&#8221;4.27.0&#8243; _module_preset=&#8221;default&#8221; global_colors_info=&#8221;{}&#8221;][\/et_pb_code][\/et_pb_column][\/et_pb_row][\/et_pb_section][et_pb_section fb_built=&#8221;1&#8243; _builder_version=&#8221;4.27.0&#8243; _module_preset=&#8221;default&#8221; background_color=&#8221;#FFFFFF&#8221; global_colors_info=&#8221;{}&#8221;][et_pb_row _builder_version=&#8221;4.27.0&#8243; _module_preset=&#8221;default&#8221; global_colors_info=&#8221;{}&#8221;][et_pb_column type=&#8221;4_4&#8243; _builder_version=&#8221;4.27.0&#8243; _module_preset=&#8221;default&#8221; global_colors_info=&#8221;{}&#8221;][et_pb_text _builder_version=&#8221;4.27.0&#8243; _module_preset=&#8221;default&#8221; text_font=&#8221;Alice||||||||&#8221; text_text_color=&#8221;#c47457&#8243; text_font_size=&#8221;30px&#8221; text_line_height=&#8221;1em&#8221; global_colors_info=&#8221;{}&#8221;]<\/p>\n<p style=\"text-align: center;\"><strong>Comment se d\u00e9roule une s\u00e9ance de M\u00e9thode Poyet ?<\/strong><\/p>\n<p>[\/et_pb_text][et_pb_text _builder_version=&#8221;4.27.0&#8243; _module_preset=&#8221;default&#8221; text_font=&#8221;Alice||||||||&#8221; text_text_color=&#8221;#c47457&#8243; text_font_size=&#8221;20px&#8221; text_line_height=&#8221;1.5em&#8221; inline_fonts=&#8221;Actor&#8221; global_colors_info=&#8221;{}&#8221;]<\/p>\n<p style=\"text-align: center;\"><span style=\"font-family: Actor; font-weight: normal;\">Une s\u00e9ance dure environ 1h, nous commen\u00e7ons par d\u00e9finir les raisons de votre venue, vos ant\u00e9c\u00e9dents et votre terrain (digestion, sommeil, allergies&#8230;) puis vos attentes concernant la s\u00e9ance. <\/span><span style=\"font-family: Actor; font-weight: normal;\">S&#8217;ensuit une \u00e9coute attentive des diff\u00e9rents mouvements subtils du cr\u00e2ne, des corrections au sacrum (bas du dos) et aux pieds pour apporter un \u00e9quilibre global au corps. Ensuite, je dirige la s\u00e9ance en local selon votre demande, par exemple une douleur \u00e0 l&#8217;\u00e9paule, un probl\u00e8me au genou,etc.<\/span><\/p>\n<p style=\"text-align: center;\"><span style=\"font-family: Actor; font-weight: normal;\"><\/span><\/p>\n<p style=\"text-align: center;\"><span style=\"font-family: Actor; font-weight: normal;\">Il n\u2019y a aucune manipulation ni mobilisation structurelle de la colonne vert\u00e9brale. Ces pratiques sont exclusivement r\u00e9serv\u00e9es aux m\u00e9decins, chiropracteurs ou ost\u00e9opathes form\u00e9s dans des \u00e9coles agr\u00e9\u00e9s, plus sp\u00e9cialis\u00e9es dans des orientations m\u00e9dicales. La s\u00e9ance ne s&#8217;apparente pas non plus \u00e0 un massage.<\/span><\/p>\n<p style=\"text-align: center;\"><span style=\"font-family: Actor; font-weight: normal;\">Il est souvent n\u00e9cessaire de pr\u00e9voir une deuxi\u00e8me s\u00e9ance environ 3 semaines apr\u00e8s la premi\u00e8re afin de rectifier les compensations que le corps a pu mettre en place pour s\u2019adapter et qui peuvent appara\u00eetre apr\u00e8s la s\u00e9ance, cela se fait toujours en accord avec votre demande.<\/span><\/p>\n<p style=\"text-align: center;\"><span style=\"font-family: Actor; font-weight: normal;\"><\/span><\/p>\n<p class=\"font_8 wixui-rich-text__text\" style=\"text-align: center;\"><span style=\"font-family: Actor; font-weight: normal;\">En dehors de traumatismes ou situations particuli\u00e8res, un contr\u00f4le annuel est conseill\u00e9.<\/span><\/p>\n<p class=\"font_8 wixui-rich-text__text\" style=\"text-align: center;\"><strong><span class=\"wixui-rich-text__text\" style=\"font-family: Actor;\">ATTENTION : en cas de traumatisme, de malaise important ou de maladie, consultez d&#8217;abord un m\u00e9decin ou un professionnel de la sant\u00e9 comp\u00e9tent pour l&#8217;\u00e9valuation de votre \u00e9tat de sant\u00e9. Dans le cas contraire je me verrais oblig\u00e9e d&#8217;annuler notre s\u00e9ance.<\/span><\/strong><\/p>\n<p class=\"font_8 wixui-rich-text__text\" style=\"text-align: center;\"><strong><span class=\"wixui-rich-text__text\" style=\"font-family: Actor;\">La m\u00e9thode manuelle Poyet ne se substitue en aucun cas \u00e0 la consultation d&#8217;un m\u00e9decin traitant, sp\u00e9cialiste ou ost\u00e9opathe.<\/span><\/strong><\/p>\n<p style=\"text-align: center;\"><span style=\"font-family: Actor; font-weight: normal;\"><\/span><\/p>\n<p>[\/et_pb_text][\/et_pb_column][\/et_pb_row][\/et_pb_section][et_pb_section fb_built=&#8221;1&#8243; _builder_version=&#8221;4.27.0&#8243; _module_preset=&#8221;default&#8221; background_image=&#8221;http:\/\/poyet-hautesavoie.com\/wp-content\/uploads\/2024\/09\/DSCF1101-scaled.jpg&#8221; parallax=&#8221;on&#8221; background_blend=&#8221;hue&#8221; global_colors_info=&#8221;{}&#8221;][et_pb_row _builder_version=&#8221;4.27.0&#8243; _module_preset=&#8221;default&#8221; global_colors_info=&#8221;{}&#8221;][et_pb_column type=&#8221;4_4&#8243; _builder_version=&#8221;4.27.0&#8243; _module_preset=&#8221;default&#8221; global_colors_info=&#8221;{}&#8221;][\/et_pb_column][\/et_pb_row][\/et_pb_section][et_pb_section fb_built=&#8221;1&#8243; _builder_version=&#8221;4.27.0&#8243; _module_preset=&#8221;default&#8221; background_color=&#8221;#FFFFFF&#8221; global_colors_info=&#8221;{}&#8221;][et_pb_row _builder_version=&#8221;4.27.0&#8243; _module_preset=&#8221;default&#8221; global_colors_info=&#8221;{}&#8221;][et_pb_column type=&#8221;4_4&#8243; _builder_version=&#8221;4.27.0&#8243; _module_preset=&#8221;default&#8221; global_colors_info=&#8221;{}&#8221;][et_pb_text _builder_version=&#8221;4.27.0&#8243; _module_preset=&#8221;default&#8221; text_font=&#8221;Alice||||||||&#8221; text_text_color=&#8221;#c47457&#8243; text_font_size=&#8221;20px&#8221; text_line_height=&#8221;1.5em&#8221; inline_fonts=&#8221;Actor&#8221; global_colors_info=&#8221;{}&#8221;]<\/p>\n<p style=\"text-align: center;\"><span style=\"font-family: Actor; font-weight: normal;\">Le cabinet est situ\u00e9 dans la Vall\u00e9e du Giffre, au pied des pistes de ski du Grand-Massif. Proche de Verchaix, Morillon, Sixt-Fer-\u00e0-Cheval, \u00e0 30 minutes de Morzine, Les Gets, 40mn de Cluses, 1h d&#8217;Annecy, Chamonix et Annemasse, 1h15 de Gen\u00e8ve. Des parkings sont accessibles autour du cabinet afin de stationner votre v\u00e9hicule.<\/span><\/p>\n<p style=\"text-align: center;\"><span style=\"font-family: Actor; font-weight: normal;\"><\/span><\/p>\n<p>[\/et_pb_text][\/et_pb_column][\/et_pb_row][\/et_pb_section]<\/p>\n","protected":false},"excerpt":{"rendered":"<p>Comment se d\u00e9roule une s\u00e9ance de M\u00e9thode Poyet ?Une s\u00e9ance dure environ 1h, nous commen\u00e7ons par d\u00e9finir les raisons de votre venue, vos ant\u00e9c\u00e9dents et votre terrain (digestion, sommeil, allergies&#8230;) puis vos attentes concernant la s\u00e9ance. S&#8217;ensuit une \u00e9coute attentive des diff\u00e9rents mouvements subtils du cr\u00e2ne, des corrections au sacrum (bas du dos) et aux [&hellip;]<\/p>\n","protected":false},"author":1,"featured_media":0,"parent":0,"menu_order":0,"comment_status":"closed","ping_status":"closed","template":"","meta":{"_et_pb_use_builder":"on","_et_pb_old_content":"","_et_gb_content_width":"","footnotes":""},"class_list":["post-93","page","type-page","status-publish","hentry"],"_links":{"self":[{"href":"https:\/\/poyet-hautesavoie.com\/index.php\/wp-json\/wp\/v2\/pages\/93","targetHints":{"allow":["GET"]}}],"collection":[{"href":"https:\/\/poyet-hautesavoie.com\/index.php\/wp-json\/wp\/v2\/pages"}],"about":[{"href":"https:\/\/poyet-hautesavoie.com\/index.php\/wp-json\/wp\/v2\/types\/page"}],"author":[{"embeddable":true,"href":"https:\/\/poyet-hautesavoie.com\/index.php\/wp-json\/wp\/v2\/users\/1"}],"replies":[{"embeddable":true,"href":"https:\/\/poyet-hautesavoie.com\/index.php\/wp-json\/wp\/v2\/comments?post=93"}],"version-history":[{"count":29,"href":"https:\/\/poyet-hautesavoie.com\/index.php\/wp-json\/wp\/v2\/pages\/93\/revisions"}],"predecessor-version":[{"id":549,"href":"https:\/\/poyet-hautesavoie.com\/index.php\/wp-json\/wp\/v2\/pages\/93\/revisions\/549"}],"wp:attachment":[{"href":"https:\/\/poyet-hautesavoie.com\/index.php\/wp-json\/wp\/v2\/media?parent=93"}],"curies":[{"name":"wp","href":"https:\/\/api.w.org\/{rel}","templated":true}]}}