{"id":260,"date":"2024-11-28T22:06:47","date_gmt":"2024-11-28T21:06:47","guid":{"rendered":"https:\/\/poyet-hautesavoie.com\/?page_id=260"},"modified":"2025-09-26T15:29:53","modified_gmt":"2025-09-26T13:29:53","slug":"260-2","status":"publish","type":"page","link":"https:\/\/poyet-hautesavoie.com\/index.php\/260-2\/","title":{"rendered":"Ressources"},"content":{"rendered":"<p>[et_pb_section fb_built=&#8221;1&#8243; _builder_version=&#8221;4.27.0&#8243; _module_preset=&#8221;default&#8221; background_image=&#8221;http:\/\/poyet-hautesavoie.com\/wp-content\/uploads\/2024\/09\/DSCF1111-scaled.jpg&#8221; parallax=&#8221;on&#8221; background_blend=&#8221;hue&#8221; global_colors_info=&#8221;{}&#8221;][et_pb_row _builder_version=&#8221;4.27.0&#8243; _module_preset=&#8221;default&#8221; global_colors_info=&#8221;{}&#8221;][et_pb_column type=&#8221;4_4&#8243; _builder_version=&#8221;4.27.0&#8243; _module_preset=&#8221;default&#8221; global_colors_info=&#8221;{}&#8221;][et_pb_code _builder_version=&#8221;4.27.0&#8243; _module_preset=&#8221;default&#8221; global_colors_info=&#8221;{}&#8221;][\/et_pb_code][\/et_pb_column][\/et_pb_row][\/et_pb_section][et_pb_section fb_built=&#8221;1&#8243; _builder_version=&#8221;4.27.0&#8243; _module_preset=&#8221;default&#8221; background_color=&#8221;#FFFFFF&#8221; global_colors_info=&#8221;{}&#8221;][et_pb_row _builder_version=&#8221;4.27.0&#8243; _module_preset=&#8221;default&#8221; global_colors_info=&#8221;{}&#8221;][et_pb_column type=&#8221;4_4&#8243; _builder_version=&#8221;4.27.0&#8243; _module_preset=&#8221;default&#8221; global_colors_info=&#8221;{}&#8221;][et_pb_text _builder_version=&#8221;4.27.0&#8243; _module_preset=&#8221;default&#8221; text_font=&#8221;Alice||||||||&#8221; text_text_color=&#8221;#c47457&#8243; text_font_size=&#8221;30px&#8221; text_line_height=&#8221;1em&#8221; global_colors_info=&#8221;{}&#8221;]<\/p>\n<p style=\"text-align: center;\"><strong>Ressources et liens<\/strong><\/p>\n<p>[\/et_pb_text][et_pb_text _builder_version=&#8221;4.27.0&#8243; _module_preset=&#8221;default&#8221; text_font=&#8221;Alice||||||||&#8221; text_text_color=&#8221;#c47457&#8243; text_font_size=&#8221;20px&#8221; text_line_height=&#8221;1.5em&#8221; inline_fonts=&#8221;Actor&#8221; global_colors_info=&#8221;{}&#8221;]<\/p>\n<p style=\"text-align: center;\"><span style=\"font-family: Actor; font-weight: normal;\"><strong><span>\u2022\u00a0<\/span> Informations relatives aux pratiques de soins non-conventionnelles<\/strong> : <a href=\"https:\/\/sante.gouv.fr\/soins-et-maladies\/qualite-securite-et-pertinence-des-soins\/securite-des-prises-en-charge\/article\/les-pratiques-de-soins-non-conventionnelles?origin=serp_auto\">https:\/\/sante.gouv.fr\/soins-et-maladies\/qualite-securite-et-pertinence-des-soins\/securite-des-prises-en-charge\/article\/les-pratiques-de-soins-non-conventionnelles?origin=serp_auto<\/a><\/span><\/p>\n<p style=\"text-align: center;\"><span style=\"font-family: Actor; font-weight: normal;\"><strong><span>\u2022\u00a0<\/span>Site internet du Syndicat national des \u00e9l\u00e8ves et praticiens en m\u00e9thode Poyet (SNEPP) :<\/strong> <a href=\"https:\/\/www.snepp.fr\/\">https:\/\/www.snepp.fr\/<\/a><\/span><span style=\"font-family: Actor; font-weight: normal;\"><\/span><\/p>\n<div id=\"comp-jb3n1k1r\" class=\"HcOXKn c9GqVL QxJLC3 lq2cno comp-jb3n1k1r wixui-rich-text\" data-testid=\"richTextElement\">\n<p class=\"font_7 wixui-rich-text__text\">\n<\/div>\n<div id=\"comp-jb3n1k1v\" class=\"HcOXKn c9GqVL QxJLC3 lq2cno comp-jb3n1k1v wixui-rich-text\" data-testid=\"richTextElement\"><\/div>\n<p style=\"text-align: center;\">\n<p style=\"text-align: center;\"><span style=\"font-family: Actor; font-weight: normal;\"><\/span><\/p>\n<p>[\/et_pb_text][\/et_pb_column][\/et_pb_row][et_pb_row _builder_version=&#8221;4.27.0&#8243; _module_preset=&#8221;default&#8221; global_colors_info=&#8221;{}&#8221;][et_pb_column type=&#8221;4_4&#8243; _builder_version=&#8221;4.27.0&#8243; _module_preset=&#8221;default&#8221; global_colors_info=&#8221;{}&#8221;][et_pb_text _builder_version=&#8221;4.27.0&#8243; _module_preset=&#8221;default&#8221; text_font=&#8221;Alice||||||||&#8221; text_text_color=&#8221;#c47457&#8243; text_font_size=&#8221;30px&#8221; text_line_height=&#8221;1em&#8221; global_colors_info=&#8221;{}&#8221;]<\/p>\n<p style=\"text-align: center;\"><strong>La m\u00e9thode Poyet<\/strong><\/p>\n<p>[\/et_pb_text][et_pb_text _builder_version=&#8221;4.27.0&#8243; _module_preset=&#8221;default&#8221; text_font=&#8221;Alice||||||||&#8221; text_text_color=&#8221;#c47457&#8243; text_font_size=&#8221;20px&#8221; text_line_height=&#8221;1.5em&#8221; inline_fonts=&#8221;Actor&#8221; global_colors_info=&#8221;{}&#8221;]<\/p>\n<p style=\"text-align: center;\"><span style=\"font-family: Actor; font-weight: normal;\"><strong><span>\u2022\u00a0<\/span> Description et histoire de la m\u00e9thode Poyet<\/strong>\u00a0: <a href=\"https:\/\/formation-methode-poyet.fr\/#historique-methode-poyet\">https:\/\/formation-methode-poyet.fr\/#historique-methode-poyet<\/a><\/span><\/p>\n<p style=\"text-align: center;\"><span style=\"font-family: Actor; font-weight: normal;\"><strong><span>\u2022\u00a0<\/span>Explicatif m\u00e9thode Poyet :<\/strong> <a href=\"https:\/\/podcast.ausha.co\/le-cabinet-d-osteopathie\/31-pierre-van-buyderen-osteopathe-et-enseignant-de-la-methode-poyet-depuis-plus-de-vingt-ans\">https:\/\/www.medoucine.com\/pratiques\/methode-poyet<\/a><\/span><span style=\"font-family: Actor; font-weight: normal;\"><\/span><\/p>\n<p style=\"text-align: center;\"><span style=\"font-family: Actor; font-weight: normal;\"><strong><span>\u2022\u00a0<\/span>Podcast explicatif m\u00e9thode Poyet :<\/strong> <a href=\"https:\/\/podcast.ausha.co\/le-cabinet-d-osteopathie\/31-pierre-van-buyderen-osteopathe-et-enseignant-de-la-methode-poyet-depuis-plus-de-vingt-ans\">https:\/\/podcast.ausha.co\/le-cabinet-d-osteopathie\/31-pierre-van-buyderen-osteopathe-et-enseignant-de-la-methode-poyet-depuis-plus-de-vingt-ans<\/a><\/span><span style=\"font-family: Actor; font-weight: normal;\"><\/span><\/p>\n<p style=\"text-align: center;\"><span style=\"font-family: Actor; font-weight: normal;\"><strong><span>\u2022\u00a0<\/span>&#8220;J&#8217;ai pris rdv a quoi m&#8217;attendre?&#8221; :<\/strong> <a href=\"https:\/\/www.snepp.fr\/en-tant-que-patient-%C3%A0-quoi-m-attendre\">https:\/\/www.snepp.fr\/en-tant-que-patient-%C3%A0-quoi-m-attendre<\/a><\/span><\/p>\n<p style=\"text-align: center;\">\n<p style=\"text-align: center;\"><span style=\"font-family: Actor; font-weight: normal;\"><\/span><\/p>\n<div id=\"comp-jb3n1k1r\" class=\"HcOXKn c9GqVL QxJLC3 lq2cno comp-jb3n1k1r wixui-rich-text\" data-testid=\"richTextElement\">\n<p class=\"font_7 wixui-rich-text__text\">\n<\/div>\n<div id=\"comp-jb3n1k1v\" class=\"HcOXKn c9GqVL QxJLC3 lq2cno comp-jb3n1k1v wixui-rich-text\" data-testid=\"richTextElement\"><\/div>\n<p style=\"text-align: center;\">\n<p style=\"text-align: center;\"><span style=\"font-family: Actor; font-weight: normal;\"><\/span><\/p>\n<p>[\/et_pb_text][\/et_pb_column][\/et_pb_row][et_pb_row _builder_version=&#8221;4.27.0&#8243; _module_preset=&#8221;default&#8221; global_colors_info=&#8221;{}&#8221;][et_pb_column type=&#8221;4_4&#8243; _builder_version=&#8221;4.27.0&#8243; _module_preset=&#8221;default&#8221; global_colors_info=&#8221;{}&#8221;][et_pb_text _builder_version=&#8221;4.27.0&#8243; _module_preset=&#8221;default&#8221; text_font=&#8221;Alice||||||||&#8221; text_text_color=&#8221;#c47457&#8243; text_font_size=&#8221;30px&#8221; text_line_height=&#8221;1em&#8221; global_colors_info=&#8221;{}&#8221;]<\/p>\n<p style=\"text-align: center;\"><strong>Annuaire de th\u00e9rapeutes<\/strong><\/p>\n<p>[\/et_pb_text][et_pb_text _builder_version=&#8221;4.27.0&#8243; _module_preset=&#8221;default&#8221; text_font=&#8221;Alice||||||||&#8221; text_text_color=&#8221;#c47457&#8243; text_font_size=&#8221;20px&#8221; text_line_height=&#8221;1.5em&#8221; inline_fonts=&#8221;Actor&#8221; global_colors_info=&#8221;{}&#8221;]<\/p>\n<p style=\"text-align: center;\">\n<p style=\"text-align: center;\"><span style=\"font-family: Actor; font-weight: normal;\"><strong><span>\u2022\u00a0<\/span> M\u00e9thode Poyet et Somatopathie dans toute la France<\/strong>\u00a0: <a href=\"https:\/\/www.somatopathie.com\/l-annuaire\">https:\/\/www.somatopathie.com\/l-annuaire<\/a><\/span><\/p>\n<p style=\"text-align: center;\"><span style=\"font-family: Actor; font-weight: normal;\"><strong><span>\u2022 Somatopathie en Haute Savoie<\/span>\u00a0:<\/strong> <a href=\"https:\/\/www.alvina-somatopathie.com\/\">Alvina Boyer, Viuz-en-Sallaz<\/a> \u00a0<\/span><span style=\"font-family: Actor; font-weight: normal;\"><\/span><\/p>\n<p style=\"text-align: center;\"><span style=\"font-family: Actor; font-weight: normal;\"><strong><span>\u2022 Hypnoth\u00e9rapie<\/span>\u00a0:<\/strong> <a href=\"https:\/\/www.hypnotherapeute-haute-savoie.fr\/\">\u00c9lo\u00efse Berra, Samo\u00ebns<\/a><\/span><\/p>\n<p style=\"text-align: center;\"><span style=\"font-family: Actor; font-weight: normal;\"><strong><span>\u2022 R\u00e9flexologie plantaire<\/span> : <\/strong> <a href=\"https:\/\/pauline-reflexologie.fr\/\">Pauline Delacoste, Morillon<\/a><\/span><\/p>\n<p style=\"text-align: center;\"><span style=\"font-family: Actor; font-weight: normal;\"><\/span><\/p>\n<div id=\"comp-jb3n1k1r\" class=\"HcOXKn c9GqVL QxJLC3 lq2cno comp-jb3n1k1r wixui-rich-text\" data-testid=\"richTextElement\">\n<p class=\"font_7 wixui-rich-text__text\">\n<\/div>\n<div id=\"comp-jb3n1k1v\" class=\"HcOXKn c9GqVL QxJLC3 lq2cno comp-jb3n1k1v wixui-rich-text\" data-testid=\"richTextElement\"><\/div>\n<p style=\"text-align: center;\">\n<p style=\"text-align: center;\"><span style=\"font-family: Actor; font-weight: normal;\"><\/span><\/p>\n<p>[\/et_pb_text][\/et_pb_column][\/et_pb_row][et_pb_row _builder_version=&#8221;4.27.0&#8243; _module_preset=&#8221;default&#8221; global_colors_info=&#8221;{}&#8221;][et_pb_column type=&#8221;4_4&#8243; _builder_version=&#8221;4.27.0&#8243; _module_preset=&#8221;default&#8221; global_colors_info=&#8221;{}&#8221;][et_pb_text _builder_version=&#8221;4.27.0&#8243; _module_preset=&#8221;default&#8221; text_font=&#8221;Alice||||||||&#8221; text_text_color=&#8221;#c47457&#8243; text_font_size=&#8221;30px&#8221; text_line_height=&#8221;1em&#8221; global_colors_info=&#8221;{}&#8221;]<\/p>\n<p style=\"text-align: center;\"><strong>Formations<\/strong><\/p>\n<p>[\/et_pb_text][et_pb_text _builder_version=&#8221;4.27.0&#8243; _module_preset=&#8221;default&#8221; text_font=&#8221;Alice||||||||&#8221; text_text_color=&#8221;#c47457&#8243; text_font_size=&#8221;20px&#8221; text_line_height=&#8221;1.5em&#8221; inline_fonts=&#8221;Actor&#8221; global_colors_info=&#8221;{}&#8221;]<\/p>\n<p style=\"text-align: center;\"><span style=\"font-family: Actor; font-weight: normal;\"><strong><span>\u2022\u00a0<\/span> Formation que j&#8217;ai suivie (CTMAI)<\/strong>\u00a0: <a href=\"https:\/\/ctmai-methode-poyet.fr\/\">https:\/\/ctmai-methode-poyet.fr\/<\/a><\/span><\/p>\n<p style=\"text-align: center;\"><span style=\"font-family: Actor; font-weight: normal;\"><strong><span>\u2022\u00a0<\/span> Formations compl\u00e9mentaires que j&#8217;ai suivies (biodynamie, ventouses, apports en m\u00e9thode Poyet)<\/strong>\u00a0: <a href=\"https:\/\/globalthinking.fr\/\">https:\/\/globalthinking.fr\/<\/a><\/span><\/p>\n<p style=\"text-align: center;\"><span style=\"font-family: Actor; font-weight: normal;\"><\/span><\/p>\n<p style=\"text-align: center;\"><span style=\"font-family: Actor; font-weight: normal;\"><strong><span><\/span><\/strong><\/span><\/p>\n<p style=\"text-align: center;\"><span style=\"font-family: Actor; font-weight: normal;\"><strong><span>\u2022\u00a0<\/span>Autres \u00e9coles r\u00e9f\u00e9renc\u00e9es par le syndicat :<\/strong><\/span><\/p>\n<p style=\"text-align: center;\">\n<p style=\"text-align: center;\"><span style=\"font-family: Actor; font-weight: normal;\">ITI : <a href=\"https:\/\/itiformations.fr\/formation-organosynergie\/\" target=\"_blank\" rel=\"noreferrer noopener\" class=\"wixui-rich-text__text\">https:\/\/itiformations.fr\/<\/a><\/span><\/p>\n<p style=\"text-align: center;\"><span style=\"font-family: Actor; font-weight: normal;\">CoTM : <a href=\"https:\/\/formation-methode-poyet.fr\/\">https:\/\/formation-methode-poyet.fr\/<\/a><\/span><span style=\"font-family: Actor; font-weight: normal;\"><\/span><span style=\"font-family: Actor; font-weight: normal;\"><\/span><\/p>\n<p style=\"text-align: center;\"><span style=\"font-family: Actor; font-weight: normal;\">Somatopathie : <a href=\"https:\/\/www.somatopathie.com\/\">https:\/\/www.somatopathie.com\/<\/a><\/span><\/p>\n<p style=\"text-align: center;\"><span style=\"font-family: Actor; font-weight: normal;\"><\/span><\/p>\n<p style=\"text-align: center;\"><span style=\"font-family: Actor; font-weight: normal;\"><\/span><\/p>\n<p style=\"text-align: center;\"><span style=\"font-family: Actor; font-weight: normal;\"><\/span><\/p>\n<div id=\"comp-jb3n1k1r\" class=\"HcOXKn c9GqVL QxJLC3 lq2cno comp-jb3n1k1r wixui-rich-text\" data-testid=\"richTextElement\">\n<p class=\"font_7 wixui-rich-text__text\">\n<\/div>\n<div id=\"comp-jb3n1k1v\" class=\"HcOXKn c9GqVL QxJLC3 lq2cno comp-jb3n1k1v wixui-rich-text\" data-testid=\"richTextElement\"><\/div>\n<p style=\"text-align: center;\">\n<p style=\"text-align: center;\"><span style=\"font-family: Actor; font-weight: normal;\"><\/span><\/p>\n<p>[\/et_pb_text][\/et_pb_column][\/et_pb_row][\/et_pb_section][et_pb_section fb_built=&#8221;1&#8243; _builder_version=&#8221;4.27.0&#8243; _module_preset=&#8221;default&#8221; background_image=&#8221;http:\/\/poyet-hautesavoie.com\/wp-content\/uploads\/2024\/09\/DSCF1101-scaled.jpg&#8221; parallax=&#8221;on&#8221; background_blend=&#8221;hue&#8221; global_colors_info=&#8221;{}&#8221;][et_pb_row _builder_version=&#8221;4.27.0&#8243; _module_preset=&#8221;default&#8221; global_colors_info=&#8221;{}&#8221;][et_pb_column type=&#8221;4_4&#8243; _builder_version=&#8221;4.27.0&#8243; _module_preset=&#8221;default&#8221; global_colors_info=&#8221;{}&#8221;][\/et_pb_column][\/et_pb_row][\/et_pb_section][et_pb_section fb_built=&#8221;1&#8243; _builder_version=&#8221;4.27.0&#8243; _module_preset=&#8221;default&#8221; background_color=&#8221;#FFFFFF&#8221; global_colors_info=&#8221;{}&#8221;][et_pb_row _builder_version=&#8221;4.27.0&#8243; _module_preset=&#8221;default&#8221; global_colors_info=&#8221;{}&#8221;][et_pb_column type=&#8221;4_4&#8243; _builder_version=&#8221;4.27.0&#8243; _module_preset=&#8221;default&#8221; global_colors_info=&#8221;{}&#8221;][et_pb_text _builder_version=&#8221;4.27.0&#8243; _module_preset=&#8221;default&#8221; text_font=&#8221;Alice||||||||&#8221; text_text_color=&#8221;#c47457&#8243; text_font_size=&#8221;30px&#8221; text_line_height=&#8221;1em&#8221; global_colors_info=&#8221;{}&#8221;]<\/p>\n<p style=\"text-align: center;\"><strong>\u00a0Avertissement et limite de responsabilit\u00e9<\/strong><\/p>\n<p>[\/et_pb_text][et_pb_text _builder_version=&#8221;4.27.0&#8243; _module_preset=&#8221;default&#8221; text_font=&#8221;Alice||||||||&#8221; text_text_color=&#8221;#c47457&#8243; text_font_size=&#8221;20px&#8221; text_line_height=&#8221;1.5em&#8221; inline_fonts=&#8221;Actor&#8221; global_colors_info=&#8221;{}&#8221;]<\/p>\n<p style=\"text-align: center;\"><span style=\"font-family: Actor; font-size: 20px;\"><\/span><\/p>\n<p style=\"text-align: center;\"><span style=\"font-family: Actor; font-size: 20px;\">Les s\u00e9ances propos\u00e9es dans le cadre de la M\u00e9thode Poyet <span style=\"font-family: Actor;\">rel\u00e8vent du monde du bien-\u00eatre et des soins non conventionnels. Elles <\/span>ne rel\u00e8vent ni de la m\u00e9decine conventionnelle, ni d\u2019une approche m\u00e9dicale. Elles ne se substituent en aucun cas \u00e0 un diagnostic, un traitement ou une consultation m\u00e9dicale. Le praticien en M\u00e9thode Poyet <span style=\"font-family: Actor;\">est un prestataire de services et ne peut en aucun cas se consid\u00e9rer comme un professionnel de sant\u00e9<\/span>. <\/span><\/p>\n<p style=\"text-align: center;\"><span style=\"font-family: Actor; font-size: 20px;\">La M\u00e9thode Poyet est une approche manuelle douce qui vise \u00e0 favoriser l\u2019\u00e9quilibre et le bien-\u00eatre global, il n&#8217;existe \u00e0 ce jour aucune preuve scientifique de son efficacit\u00e9<\/span><span style=\"font-family: Actor; font-size: 20px;\">.<\/span><span style=\"font-family: Actor; font-weight: normal;\"><\/span><\/p>\n<p style=\"text-align: center;\"><span style=\"font-family: Actor;\">Aucun acte m\u00e9dical, aucun diagnostic, ni aucune prescription ne sont effectu\u00e9s lors des s\u00e9ances. En cas de sympt\u00f4mes persistants ou de troubles de sant\u00e9, il est recommand\u00e9 de consulter un m\u00e9decin ou un professionnel de sant\u00e9 qualifi\u00e9.<\/span><\/p>\n<p style=\"text-align: center;\"><span style=\"font-family: Actor;\">Les informations fournies sur ce site sont destin\u00e9es \u00e0 des fins d\u2019information g\u00e9n\u00e9rale et ne constituent pas un avis m\u00e9dical. Les s\u00e9ances propos\u00e9es sont compl\u00e9mentaires et ne remplacent en aucun cas un suivi m\u00e9dical ou th\u00e9rapeutique.<\/span><\/p>\n<p style=\"text-align: center;\"><span style=\"font-family: Actor;\">En prenant rendez-vous pour une s\u00e9ance, le client reconna\u00eet avoir pris connaissance de ces informations et accepte que les s\u00e9ances rel\u00e8vent uniquement d\u2019une approche non-m\u00e9dicale et non-th\u00e9rapeutique.<\/span><span style=\"font-family: Actor;\"><\/span><\/p>\n<p>[\/et_pb_text][\/et_pb_column][\/et_pb_row][\/et_pb_section]<\/p>\n","protected":false},"excerpt":{"rendered":"<p>Ressources et liens\u2022\u00a0 Informations relatives aux pratiques de soins non-conventionnelles : https:\/\/sante.gouv.fr\/soins-et-maladies\/qualite-securite-et-pertinence-des-soins\/securite-des-prises-en-charge\/article\/les-pratiques-de-soins-non-conventionnelles?origin=serp_auto \u2022\u00a0Site internet du Syndicat national des \u00e9l\u00e8ves et praticiens en m\u00e9thode Poyet (SNEPP) : https:\/\/www.snepp.fr\/ La m\u00e9thode Poyet\u2022\u00a0 Description et histoire de la m\u00e9thode Poyet\u00a0: https:\/\/formation-methode-poyet.fr\/#historique-methode-poyet \u2022\u00a0Explicatif m\u00e9thode Poyet : https:\/\/www.medoucine.com\/pratiques\/methode-poyet \u2022\u00a0Podcast explicatif m\u00e9thode Poyet : https:\/\/podcast.ausha.co\/le-cabinet-d-osteopathie\/31-pierre-van-buyderen-osteopathe-et-enseignant-de-la-methode-poyet-depuis-plus-de-vingt-ans \u2022\u00a0&#8220;J&#8217;ai pris rdv a quoi m&#8217;attendre?&#8221; [&hellip;]<\/p>\n","protected":false},"author":1,"featured_media":0,"parent":0,"menu_order":0,"comment_status":"closed","ping_status":"closed","template":"","meta":{"_et_pb_use_builder":"on","_et_pb_old_content":"","_et_gb_content_width":"","footnotes":""},"class_list":["post-260","page","type-page","status-publish","hentry"],"_links":{"self":[{"href":"https:\/\/poyet-hautesavoie.com\/index.php\/wp-json\/wp\/v2\/pages\/260","targetHints":{"allow":["GET"]}}],"collection":[{"href":"https:\/\/poyet-hautesavoie.com\/index.php\/wp-json\/wp\/v2\/pages"}],"about":[{"href":"https:\/\/poyet-hautesavoie.com\/index.php\/wp-json\/wp\/v2\/types\/page"}],"author":[{"embeddable":true,"href":"https:\/\/poyet-hautesavoie.com\/index.php\/wp-json\/wp\/v2\/users\/1"}],"replies":[{"embeddable":true,"href":"https:\/\/poyet-hautesavoie.com\/index.php\/wp-json\/wp\/v2\/comments?post=260"}],"version-history":[{"count":10,"href":"https:\/\/poyet-hautesavoie.com\/index.php\/wp-json\/wp\/v2\/pages\/260\/revisions"}],"predecessor-version":[{"id":458,"href":"https:\/\/poyet-hautesavoie.com\/index.php\/wp-json\/wp\/v2\/pages\/260\/revisions\/458"}],"wp:attachment":[{"href":"https:\/\/poyet-hautesavoie.com\/index.php\/wp-json\/wp\/v2\/media?parent=260"}],"curies":[{"name":"wp","href":"https:\/\/api.w.org\/{rel}","templated":true}]}}