{"id":133,"date":"2024-09-08T20:27:37","date_gmt":"2024-09-08T18:27:37","guid":{"rendered":"https:\/\/poyet-hautesavoie.com\/?page_id=133"},"modified":"2025-12-02T15:38:27","modified_gmt":"2025-12-02T14:38:27","slug":"133-2","status":"publish","type":"page","link":"https:\/\/poyet-hautesavoie.com\/index.php\/133-2\/","title":{"rendered":"Tarifs"},"content":{"rendered":"<p>[et_pb_section fb_built=&#8221;1&#8243; _builder_version=&#8221;4.27.0&#8243; _module_preset=&#8221;default&#8221; background_image=&#8221;http:\/\/poyet-hautesavoie.com\/wp-content\/uploads\/2024\/09\/joyce-mccown-IG96K_HiDk0-unsplash.jpg&#8221; parallax=&#8221;on&#8221; background_blend=&#8221;hue&#8221; global_colors_info=&#8221;{}&#8221;][et_pb_row _builder_version=&#8221;4.27.0&#8243; _module_preset=&#8221;default&#8221; global_colors_info=&#8221;{}&#8221;][et_pb_column type=&#8221;4_4&#8243; _builder_version=&#8221;4.27.0&#8243; _module_preset=&#8221;default&#8221; global_colors_info=&#8221;{}&#8221;][\/et_pb_column][\/et_pb_row][\/et_pb_section][et_pb_section fb_built=&#8221;1&#8243; _builder_version=&#8221;4.27.0&#8243; _module_preset=&#8221;default&#8221; background_color=&#8221;#f9f4ea&#8221; min_height=&#8221;224.4px&#8221; global_colors_info=&#8221;{}&#8221;][et_pb_row column_structure=&#8221;1_2,1_2&#8243; _builder_version=&#8221;4.27.0&#8243; _module_preset=&#8221;default&#8221; custom_padding=&#8221;0px|||||&#8221; global_colors_info=&#8221;{}&#8221;][et_pb_column type=&#8221;1_2&#8243; _builder_version=&#8221;4.27.0&#8243; _module_preset=&#8221;default&#8221; global_colors_info=&#8221;{}&#8221;][et_pb_text _builder_version=&#8221;4.27.0&#8243; _module_preset=&#8221;default&#8221; text_font=&#8221;Alice||||||||&#8221; text_text_color=&#8221;#c47457&#8243; text_font_size=&#8221;30px&#8221; text_line_height=&#8221;1em&#8221; global_colors_info=&#8221;{}&#8221;]<\/p>\n<p style=\"text-align: center;\"><strong><span>Adulte (+10 ans)<\/span><\/strong><\/p>\n<p>[\/et_pb_text][et_pb_text _builder_version=&#8221;4.27.0&#8243; _module_preset=&#8221;default&#8221; text_font=&#8221;Alice||||||||&#8221; text_text_color=&#8221;#c47457&#8243; text_font_size=&#8221;20px&#8221; text_line_height=&#8221;1.5em&#8221; inline_fonts=&#8221;Actor&#8221; global_colors_info=&#8221;{}&#8221;]<\/p>\n<p style=\"text-align: center;\">\n<p style=\"text-align: center;\"><span style=\"font-family: Actor;\">1 s\u00e9ance adulte, 60 minutes : 60<span>\u20ac TTC<\/span><\/span><\/p>\n<p style=\"text-align: center;\">\n<p>[\/et_pb_text][\/et_pb_column][et_pb_column type=&#8221;1_2&#8243; _builder_version=&#8221;4.27.0&#8243; _module_preset=&#8221;default&#8221; global_colors_info=&#8221;{}&#8221;][et_pb_text _builder_version=&#8221;4.27.0&#8243; _module_preset=&#8221;default&#8221; text_font=&#8221;Alice||||||||&#8221; text_text_color=&#8221;#c47457&#8243; text_font_size=&#8221;30px&#8221; text_line_height=&#8221;1em&#8221; global_colors_info=&#8221;{}&#8221;]<\/p>\n<p style=\"text-align: center;\"><strong><span>Enfant (-10 ans)<\/span><\/strong><\/p>\n<p>[\/et_pb_text][et_pb_text _builder_version=&#8221;4.27.0&#8243; _module_preset=&#8221;default&#8221; text_font=&#8221;Alice||||||||&#8221; text_text_color=&#8221;#c47457&#8243; text_font_size=&#8221;20px&#8221; text_line_height=&#8221;1.5em&#8221; inline_fonts=&#8221;Actor&#8221; global_colors_info=&#8221;{}&#8221;]<\/p>\n<p style=\"text-align: center;\"><span style=\"font-family: Actor; font-weight: normal;\"><\/span><\/p>\n<p style=\"text-align: center;\"><span style=\"font-family: Actor;\"><span>1 s\u00e9ance enfant, 45 minutes : 50<\/span><\/span><span style=\"font-family: Actor;\"><span>\u20ac TTC<\/span><\/span><\/p>\n<p>[\/et_pb_text][\/et_pb_column][\/et_pb_row][et_pb_row _builder_version=&#8221;4.27.0&#8243; _module_preset=&#8221;default&#8221; custom_padding=&#8221;0px|||||&#8221; global_colors_info=&#8221;{}&#8221;][et_pb_column type=&#8221;4_4&#8243; _builder_version=&#8221;4.27.0&#8243; _module_preset=&#8221;default&#8221; global_colors_info=&#8221;{}&#8221;][et_pb_text _builder_version=&#8221;4.27.0&#8243; _module_preset=&#8221;default&#8221; text_font=&#8221;Alice||||||||&#8221; text_text_color=&#8221;#c47457&#8243; text_font_size=&#8221;20px&#8221; text_line_height=&#8221;1.5em&#8221; inline_fonts=&#8221;Actor&#8221; global_colors_info=&#8221;{}&#8221;]<\/p>\n<p style=\"text-align: center;\"><strong><span style=\"font-family: Actor;\">Les s\u00e9ances sont propos\u00e9es sur rendez-vous. Il est fr\u00e9quent qu&#8217;une deuxi\u00e8me s\u00e9ance soit \u00e0 n\u00e9cessaire afin d&#8217;effectuer un suivi de qualit\u00e9. Ensuite la fr\u00e9quence du suivi varie en fonction de vos besoins, il est conseill\u00e9 de faire une \u00e0 deux s\u00e9ances &#8220;d&#8217;entretien&#8221; par an en l&#8217;absence de troubles.<\/span><\/strong><\/p>\n<p style=\"text-align: center;\"><strong><span style=\"font-family: Actor;\">De plus en plus de mutuelles sant\u00e9 prennent en charge les s\u00e9ances de M\u00e9thode Poyet. <\/span><\/strong><strong><span style=\"font-family: Actor;\">N&#8217;h\u00e9sitez-pas \u00e0 me demander une facture en fin de s\u00e9ance afin de b\u00e9n\u00e9ficier d&#8217;une prise en charge par votre mutuelle.<\/span><\/strong><\/p>\n<p style=\"text-align: center;\"><strong><span style=\"font-family: Actor;\"><\/span><\/strong><\/p>\n<p style=\"text-align: center;\"><strong><span style=\"font-family: Actor;\"><\/span><\/strong><\/p>\n<p>[\/et_pb_text][et_pb_button button_url=&#8221;https:\/\/perfactive.fr\/marine-dumas\/new?people=17813&#8243; button_text=&#8221;Prendre rendez-vous&#8221; button_alignment=&#8221;center&#8221; _builder_version=&#8221;4.27.0&#8243; _module_preset=&#8221;default&#8221; custom_button=&#8221;on&#8221; button_text_color=&#8221;#f9f4ea&#8221; button_bg_color=&#8221;#c47457&#8243; button_border_radius=&#8221;19px&#8221; button_font=&#8221;Actor||||||||&#8221; button_use_icon=&#8221;off&#8221; global_colors_info=&#8221;{}&#8221;][\/et_pb_button][\/et_pb_column][\/et_pb_row][\/et_pb_section][et_pb_section fb_built=&#8221;1&#8243; _builder_version=&#8221;4.27.0&#8243; _module_preset=&#8221;default&#8221; background_image=&#8221;http:\/\/poyet-hautesavoie.com\/wp-content\/uploads\/2024\/09\/DSCF1111-scaled.jpg&#8221; parallax=&#8221;on&#8221; background_blend=&#8221;hue&#8221; global_colors_info=&#8221;{}&#8221;][et_pb_row _builder_version=&#8221;4.27.0&#8243; _module_preset=&#8221;default&#8221; global_colors_info=&#8221;{}&#8221;][et_pb_column type=&#8221;4_4&#8243; _builder_version=&#8221;4.27.0&#8243; _module_preset=&#8221;default&#8221; global_colors_info=&#8221;{}&#8221;][\/et_pb_column][\/et_pb_row][\/et_pb_section][et_pb_section fb_built=&#8221;1&#8243; _builder_version=&#8221;4.27.0&#8243; _module_preset=&#8221;default&#8221; background_color=&#8221;#FFFFFF&#8221; global_colors_info=&#8221;{}&#8221;][et_pb_row _builder_version=&#8221;4.27.0&#8243; _module_preset=&#8221;default&#8221; global_colors_info=&#8221;{}&#8221;][et_pb_column type=&#8221;4_4&#8243; _builder_version=&#8221;4.27.0&#8243; _module_preset=&#8221;default&#8221; global_colors_info=&#8221;{}&#8221;][et_pb_text _builder_version=&#8221;4.27.0&#8243; _module_preset=&#8221;default&#8221; text_font=&#8221;Alice||||||||&#8221; text_text_color=&#8221;#c47457&#8243; text_font_size=&#8221;30px&#8221; text_line_height=&#8221;1em&#8221; global_colors_info=&#8221;{}&#8221;]<\/p>\n<p style=\"text-align: center;\"><strong>Comment se d\u00e9roule une s\u00e9ance de M\u00e9thode Poyet ?<\/strong><\/p>\n<p>[\/et_pb_text][et_pb_text _builder_version=&#8221;4.27.0&#8243; _module_preset=&#8221;default&#8221; text_font=&#8221;Alice||||||||&#8221; text_text_color=&#8221;#c47457&#8243; text_font_size=&#8221;20px&#8221; text_line_height=&#8221;1.5em&#8221; inline_fonts=&#8221;Actor&#8221; global_colors_info=&#8221;{}&#8221;]<\/p>\n<p style=\"text-align: center;\"><span style=\"font-family: Actor; font-weight: normal;\">\u00a0Une s\u00e9ance dure environ 1h30\/1h, nous commen\u00e7ons par d\u00e9finir les raisons de votre venue, vos ant\u00e9c\u00e9dents et votre terrain (digestion, sommeil, allergies&#8230;) puis vos attentes concernant la s\u00e9ance. <\/span><span style=\"font-family: Actor; font-weight: normal;\">S&#8217;ensuit une \u00e9coute attentive des diff\u00e9rents mouvements subtils du cr\u00e2ne, des corrections au sacrum (bas du dos) et aux pieds pour apporter un \u00e9quilibre global au corps. Ensuite, je dirige la s\u00e9ance en local selon votre demande, par exemple une douleur \u00e0 l&#8217;\u00e9paule, un probl\u00e8me au genou,etc.<\/span><\/p>\n<p style=\"text-align: center;\"><span style=\"font-family: Actor; font-weight: normal;\"><\/span><\/p>\n<p style=\"text-align: center;\"><span style=\"font-family: Actor; font-weight: normal;\">Il n\u2019y a aucune manipulation ni mobilisation structurelle de la colonne vert\u00e9brale. Ces pratiques sont exclusivement r\u00e9serv\u00e9es aux m\u00e9decins, chiropracteurs ou ost\u00e9opathes form\u00e9s dans des \u00e9coles agr\u00e9\u00e9s, plus sp\u00e9cialis\u00e9es dans des orientations m\u00e9dicales. La s\u00e9ance ne s&#8217;apparente pas non plus \u00e0 un massage, pratique r\u00e9serv\u00e9e aux kin\u00e9sith\u00e9rapeutes.<\/span><\/p>\n<p style=\"text-align: center;\"><span style=\"font-family: Actor; font-weight: normal;\">Il est souvent n\u00e9cessaire de pr\u00e9voir une deuxi\u00e8me s\u00e9ance environ 3 semaines apr\u00e8s la premi\u00e8re afin de rectifier les compensations que le corps a pu mettre en place pour s\u2019adapter \u00e0 la l\u00e9sion initiale et qui peuvent appara\u00eetre apr\u00e8s la s\u00e9ance pr\u00e9c\u00e9dente, cela se fait toujours en accord avec votre demande.<\/span><\/p>\n<p style=\"text-align: center;\"><span style=\"font-family: Actor; font-weight: normal;\"><\/span><\/p>\n<p style=\"text-align: center;\">&#8230;&#8230;&#8230;..<span style=\"font-family: Actor; font-weight: normal;\"><\/span><\/p>\n<p style=\"text-align: center;\"><span style=\"font-family: Actor; font-weight: normal;\"><\/span><\/p>\n<p style=\"text-align: center;\"><span style=\"font-family: Actor; font-weight: normal;\">Le cabinet est situ\u00e9 dans la Vall\u00e9e du Giffre, au pied des pistes de ski du Grand-Massif. Proche de Verchaix, Morillon, Sixt-Fer-\u00e0-Cheval, \u00e0 30 minutes de Morzine, Les Gets, 40mn de Cluses, 1h d&#8217;Annecy, Chamonix et Annemasse, 1h15 de Gen\u00e8ve.<\/span><\/p>\n<p style=\"text-align: center;\"><span style=\"font-family: Actor; font-weight: normal;\"><\/span><\/p>\n<p style=\"text-align: center;\">\n<p style=\"text-align: center;\"><span style=\"font-family: Actor; font-weight: normal;\"><\/span><\/p>\n<p>[\/et_pb_text][\/et_pb_column][\/et_pb_row][\/et_pb_section][et_pb_section fb_built=&#8221;1&#8243; _builder_version=&#8221;4.27.0&#8243; _module_preset=&#8221;default&#8221; background_image=&#8221;http:\/\/poyet-hautesavoie.com\/wp-content\/uploads\/2024\/09\/DSCF1101-scaled.jpg&#8221; parallax=&#8221;on&#8221; background_blend=&#8221;hue&#8221; global_colors_info=&#8221;{}&#8221;][et_pb_row _builder_version=&#8221;4.27.0&#8243; _module_preset=&#8221;default&#8221; global_colors_info=&#8221;{}&#8221;][et_pb_column type=&#8221;4_4&#8243; _builder_version=&#8221;4.27.0&#8243; _module_preset=&#8221;default&#8221; global_colors_info=&#8221;{}&#8221;][\/et_pb_column][\/et_pb_row][\/et_pb_section][et_pb_section fb_built=&#8221;1&#8243; _builder_version=&#8221;4.27.0&#8243; _module_preset=&#8221;default&#8221; background_color=&#8221;#FFFFFF&#8221; locked=&#8221;off&#8221; global_colors_info=&#8221;{}&#8221;][et_pb_row _builder_version=&#8221;4.27.0&#8243; _module_preset=&#8221;default&#8221; global_colors_info=&#8221;{}&#8221;][et_pb_column type=&#8221;4_4&#8243; _builder_version=&#8221;4.27.0&#8243; _module_preset=&#8221;default&#8221; global_colors_info=&#8221;{}&#8221;][et_pb_text _builder_version=&#8221;4.27.0&#8243; _module_preset=&#8221;default&#8221; text_font=&#8221;Alice||||||||&#8221; text_text_color=&#8221;#c47457&#8243; text_font_size=&#8221;30px&#8221; text_line_height=&#8221;1.3em&#8221; global_colors_info=&#8221;{}&#8221;]<\/p>\n<p style=\"text-align: center;\"><strong>Vos avis \u2764\ufe0f<\/strong><\/p>\n<p>[\/et_pb_text][\/et_pb_column][\/et_pb_row][et_pb_row column_structure=&#8221;1_4,1_4,1_4,1_4&#8243; _builder_version=&#8221;4.27.0&#8243; _module_preset=&#8221;default&#8221; global_colors_info=&#8221;{}&#8221;][et_pb_column type=&#8221;1_4&#8243; _builder_version=&#8221;4.27.0&#8243; _module_preset=&#8221;default&#8221; global_colors_info=&#8221;{}&#8221;][et_pb_testimonial author=&#8221;Laureline Amrane&#8221; portrait_url=&#8221;http:\/\/poyet-hautesavoie.com\/wp-content\/uploads\/2024\/12\/unnamed.png&#8221; _builder_version=&#8221;4.27.0&#8243; _module_preset=&#8221;default&#8221; global_colors_info=&#8221;{}&#8221;]<\/p>\n<div class=\"OA1nbd\" jscontroller=\"lgNNHf\">Merci \u00e0 Marine, qui a su, me prendre en urgence pour un gros probl\u00e8me de cheville qui m&#8217;emp\u00eachais de marcher<br \/>Le r\u00e9sultat fu imm\u00e9diat et d\u00e8s le lendemain, la douleur s&#8217;est nettement att\u00e9nu\u00e9 !<br \/>Je vais pouvoir reprendre ma pr\u00e9pa plus sereine !<\/div>\n<p>[\/et_pb_testimonial][\/et_pb_column][et_pb_column type=&#8221;1_4&#8243; _builder_version=&#8221;4.27.0&#8243; _module_preset=&#8221;default&#8221; global_colors_info=&#8221;{}&#8221;][et_pb_testimonial author=&#8221;Fran\u00e7oise Leguillier&#8221; portrait_url=&#8221;http:\/\/poyet-hautesavoie.com\/wp-content\/uploads\/2024\/12\/unnamed-2.png&#8221; _builder_version=&#8221;4.27.0&#8243; _module_preset=&#8221;default&#8221; global_colors_info=&#8221;{}&#8221;]<\/p>\n<div class=\"OA1nbd\" jscontroller=\"lgNNHf\"><span>J&#8217;ai pris un rendez-vous tr\u00e8s dubitative. Je suis ressortie apais\u00e9e et beaucoup plus sereine. Je ne peux que conseiller une s\u00e9ance chez Marine, elle est douce, attentive, totalement \u00e0 l&#8217;\u00e9coute. Un conseil, allez y, vous ne serez pas d\u00e9\u00e7us, vous vous sentirez beaucoup mieux.<\/span><\/div>\n<p>[\/et_pb_testimonial][\/et_pb_column][et_pb_column type=&#8221;1_4&#8243; _builder_version=&#8221;4.27.0&#8243; _module_preset=&#8221;default&#8221; global_colors_info=&#8221;{}&#8221;][et_pb_testimonial author=&#8221;Caroline Meslay&#8221; portrait_url=&#8221;http:\/\/poyet-hautesavoie.com\/wp-content\/uploads\/2024\/12\/unnamed-1.png&#8221; _builder_version=&#8221;4.27.0&#8243; _module_preset=&#8221;default&#8221; global_colors_info=&#8221;{}&#8221;]<\/p>\n<div class=\"OA1nbd\" jscontroller=\"lgNNHf\"><span>Une th\u00e9rapeute douce et \u00e0 l&#8217;\u00e9coute des patients ! J&#8217;y retournerai les yeux ferm\u00e9s<\/span><\/div>\n<p>[\/et_pb_testimonial][\/et_pb_column][et_pb_column type=&#8221;1_4&#8243; _builder_version=&#8221;4.27.0&#8243; _module_preset=&#8221;default&#8221; global_colors_info=&#8221;{}&#8221;][et_pb_testimonial author=&#8221;Club Naturide 74&#8243; portrait_url=&#8221;http:\/\/poyet-hautesavoie.com\/wp-content\/uploads\/2024\/12\/unnamed-3.png&#8221; _builder_version=&#8221;4.27.0&#8243; _module_preset=&#8221;default&#8221; global_colors_info=&#8221;{}&#8221;]<\/p>\n<div class=\"OA1nbd\" jscontroller=\"lgNNHf\"><span>Je recommande vivement sa m\u00e9thode,<\/span><br \/><span>Une pratique que je ne connaissais pas mais qui s&#8217;est montr\u00e9 plus qu&#8217;efficace !<\/span><\/div>\n<p>[\/et_pb_testimonial][\/et_pb_column][\/et_pb_row][\/et_pb_section][et_pb_section fb_built=&#8221;1&#8243; _builder_version=&#8221;4.27.0&#8243; _module_preset=&#8221;default&#8221; background_color=&#8221;#f9f4ea&#8221; global_colors_info=&#8221;{}&#8221;][et_pb_row _builder_version=&#8221;4.27.0&#8243; _module_preset=&#8221;default&#8221; global_colors_info=&#8221;{}&#8221;][et_pb_column type=&#8221;4_4&#8243; _builder_version=&#8221;4.27.0&#8243; _module_preset=&#8221;default&#8221; global_colors_info=&#8221;{}&#8221;][et_pb_text _builder_version=&#8221;4.27.0&#8243; _module_preset=&#8221;default&#8221; text_font=&#8221;Alice||||||||&#8221; text_text_color=&#8221;#c47457&#8243; text_font_size=&#8221;30px&#8221; text_line_height=&#8221;1em&#8221; global_colors_info=&#8221;{}&#8221;]<\/p>\n<p style=\"text-align: center;\"><strong>\u00a0Avertissement et limite de responsabilit\u00e9<\/strong><\/p>\n<p>[\/et_pb_text][et_pb_text _builder_version=&#8221;4.27.0&#8243; _module_preset=&#8221;default&#8221; text_font=&#8221;Alice||||||||&#8221; text_text_color=&#8221;#c47457&#8243; text_font_size=&#8221;20px&#8221; text_line_height=&#8221;1.5em&#8221; inline_fonts=&#8221;Actor&#8221; global_colors_info=&#8221;{}&#8221;]<\/p>\n<p style=\"text-align: center;\"><span style=\"font-family: Actor; font-size: 20px;\">Les s\u00e9ances propos\u00e9es dans le cadre de la M\u00e9thode Poyet ne rel\u00e8vent ni de la m\u00e9decine conventionnelle, ni d\u2019une approche m\u00e9dicale. Elles ne se substituent en aucun cas \u00e0 un diagnostic, un traitement ou une consultation m\u00e9dicale. <\/span><span style=\"font-family: Actor; font-size: 20px;\">La M\u00e9thode Poyet est une approche manuelle douce qui vise \u00e0 favoriser l\u2019\u00e9quilibre et le bien-\u00eatre global, il n&#8217;existe \u00e0 ce jour aucune preuve scientifique de son efficacit\u00e9<\/span><span style=\"font-family: Actor; font-size: 20px;\">.<\/span><span style=\"font-family: Actor; font-weight: normal;\"><\/span><\/p>\n<p style=\"text-align: center;\"><span style=\"font-family: Actor;\">Aucun acte m\u00e9dical, aucun diagnostic, ni aucune prescription ne sont effectu\u00e9s lors des s\u00e9ances. En cas de sympt\u00f4mes persistants ou de troubles de sant\u00e9, il est recommand\u00e9 de consulter un m\u00e9decin ou un professionnel de sant\u00e9 qualifi\u00e9.<\/span><\/p>\n<p style=\"text-align: center;\"><span style=\"font-family: Actor;\">Les informations fournies sur ce site sont destin\u00e9es \u00e0 des fins d\u2019information g\u00e9n\u00e9rale et ne constituent pas un avis m\u00e9dical. Les s\u00e9ances propos\u00e9es sont compl\u00e9mentaires et ne remplacent en aucun cas un suivi m\u00e9dical ou th\u00e9rapeutique.<\/span><\/p>\n<p style=\"text-align: center;\"><span style=\"font-family: Actor;\">En prenant rendez-vous pour une s\u00e9ance, le client reconna\u00eet avoir pris connaissance de ces informations et accepte que les s\u00e9ances rel\u00e8vent uniquement d\u2019une approche non-m\u00e9dicale et non-th\u00e9rapeutique.<\/span><\/p>\n<p>[\/et_pb_text][\/et_pb_column][\/et_pb_row][et_pb_row _builder_version=&#8221;4.27.0&#8243; _module_preset=&#8221;default&#8221; global_colors_info=&#8221;{}&#8221;][et_pb_column type=&#8221;4_4&#8243; _builder_version=&#8221;4.27.0&#8243; _module_preset=&#8221;default&#8221; global_colors_info=&#8221;{}&#8221;][et_pb_button button_url=&#8221;https:\/\/poyet-hautesavoie.com\/index.php\/260-2\/&#8221; button_text=&#8221;Informations et ressources compl\u00e9mentaires&#8221; button_alignment=&#8221;center&#8221; _builder_version=&#8221;4.27.0&#8243; _module_preset=&#8221;default&#8221; custom_button=&#8221;on&#8221; button_text_color=&#8221;#f9f4ea&#8221; button_bg_color=&#8221;#c47457&#8243; button_border_radius=&#8221;19px&#8221; button_font=&#8221;Actor||||||||&#8221; button_use_icon=&#8221;off&#8221; locked=&#8221;off&#8221; global_colors_info=&#8221;{}&#8221;][\/et_pb_button][\/et_pb_column][\/et_pb_row][\/et_pb_section]<\/p>\n","protected":false},"excerpt":{"rendered":"<p>Adulte (+10 ans) 1 s\u00e9ance adulte, 60 minutes : 60\u20ac TTC Enfant (-10 ans) 1 s\u00e9ance enfant, 45 minutes : 50\u20ac TTCLes s\u00e9ances sont propos\u00e9es sur rendez-vous. Il est fr\u00e9quent qu&#8217;une deuxi\u00e8me s\u00e9ance soit \u00e0 n\u00e9cessaire afin d&#8217;effectuer un suivi de qualit\u00e9. Ensuite la fr\u00e9quence du suivi varie en fonction de vos besoins, il est [&hellip;]<\/p>\n","protected":false},"author":1,"featured_media":0,"parent":0,"menu_order":0,"comment_status":"closed","ping_status":"closed","template":"","meta":{"_et_pb_use_builder":"on","_et_pb_old_content":"","_et_gb_content_width":"","footnotes":""},"class_list":["post-133","page","type-page","status-publish","hentry"],"_links":{"self":[{"href":"https:\/\/poyet-hautesavoie.com\/index.php\/wp-json\/wp\/v2\/pages\/133","targetHints":{"allow":["GET"]}}],"collection":[{"href":"https:\/\/poyet-hautesavoie.com\/index.php\/wp-json\/wp\/v2\/pages"}],"about":[{"href":"https:\/\/poyet-hautesavoie.com\/index.php\/wp-json\/wp\/v2\/types\/page"}],"author":[{"embeddable":true,"href":"https:\/\/poyet-hautesavoie.com\/index.php\/wp-json\/wp\/v2\/users\/1"}],"replies":[{"embeddable":true,"href":"https:\/\/poyet-hautesavoie.com\/index.php\/wp-json\/wp\/v2\/comments?post=133"}],"version-history":[{"count":20,"href":"https:\/\/poyet-hautesavoie.com\/index.php\/wp-json\/wp\/v2\/pages\/133\/revisions"}],"predecessor-version":[{"id":482,"href":"https:\/\/poyet-hautesavoie.com\/index.php\/wp-json\/wp\/v2\/pages\/133\/revisions\/482"}],"wp:attachment":[{"href":"https:\/\/poyet-hautesavoie.com\/index.php\/wp-json\/wp\/v2\/media?parent=133"}],"curies":[{"name":"wp","href":"https:\/\/api.w.org\/{rel}","templated":true}]}}